{"id":18,"date":"2021-12-30T10:42:28","date_gmt":"2021-12-30T10:42:28","guid":{"rendered":"https:\/\/bocek.at\/WordPress\/?page_id=18"},"modified":"2023-11-22T06:59:26","modified_gmt":"2023-11-22T06:59:26","slug":"ueber-uns","status":"publish","type":"page","link":"https:\/\/bocek.at\/index.php\/ueber-uns\/","title":{"rendered":"\u00dcber uns"},"content":{"rendered":"\n<p>Herzlich Willkommen bei Metallbau BOCEK!<\/p>\n\n\n\n<p class=\"has-text-align-left\">Es freut uns, dass wir Ihr Interesse an unseren Produkten sowie an unserem Leistungsspektrum geweckt haben.<\/p>\n\n\n\n<p>Gegr\u00fcndet im Jahre 1982, hat sich unsere Spezialisierung auf die Hauptaufgabengebiete rund um den Aufzugsbau allm\u00e4hlich aus der Bauschlosserei heraus entwickelt.<\/p>\n\n\n\n<p>Mit der Erfahrung von \u00fcber 40 Jahren k\u00f6nnen wir Ihnen heute vom Liftschacht angefangen&nbsp; \u00fcber alle speziellen Einsatzgebiete im Stahlbau f\u00fcr Aufz\u00fcge bis zu individuell gefertigten Liftstahlbauteilen ein breites Angebot an Erzeugnissen und Einsatzfeldern anbieten.<\/p>\n\n\n\n<p>Die Erfahrung und Sorgfalt unserer Mitarbeiter wird durch die Fertigung nach dem neusten Stand der Technik mittels 3D-Zeichenprogrammen auf CNC-Maschinen erg\u00e4nzt. Mit einem hohen Grad an Flexibilit\u00e4t und k\u00fcrzesten Lieferzeiten k\u00f6nnen wir unseren Kunden gute Dienste leisten.<\/p>\n\n\n\n<p>Zus\u00e4tzliche Qualit\u00e4tssicherung im Rahmen der EN 1090-EXEC2 Zertifizierung setzen wir ebenfalls um.<\/p>\n\n\n\n<p>Wir m\u00f6chten Ihnen einen kurzen \u00dcberblick \u00fcber unser Handwerk darbieten und hoffen Ihnen so einige anregende Informationen vermitteln zu k\u00f6nnen.<\/p>\n\n\n\n<p class=\"has-text-align-center\">Es gr\u00fc\u00dft Sie freundlichst das gesamte Team<\/p>\n\n\n\n<p class=\"has-text-align-center\">Metallbau BOCEK<\/p>\n\n\n\n<div class=\"wp-block-image\"><figure class=\"aligncenter size-medium\"><img loading=\"lazy\" decoding=\"async\" width=\"300\" height=\"274\" src=\"https:\/\/bocek.at\/wp-content\/uploads\/2021\/12\/UG-300x274.png\" alt=\"\" class=\"wp-image-80\" srcset=\"https:\/\/bocek.at\/wp-content\/uploads\/2021\/12\/UG-300x274.png 300w, https:\/\/bocek.at\/wp-content\/uploads\/2021\/12\/UG.png 520w\" sizes=\"auto, (max-width: 300px) 100vw, 300px\" \/><\/figure><\/div>\n","protected":false},"excerpt":{"rendered":"<p>Herzlich Willkommen bei Metallbau BOCEK! Es freut uns, dass wir Ihr Interesse an unseren Produkten sowie an unserem Leistungsspektrum geweckt haben. Gegr\u00fcndet im Jahre 1982,<\/p>\n","protected":false},"author":1,"featured_media":67,"parent":0,"menu_order":0,"comment_status":"closed","ping_status":"closed","template":"","meta":{"footnotes":""},"class_list":["post-18","page","type-page","status-publish","has-post-thumbnail","hentry"],"_links":{"self":[{"href":"https:\/\/bocek.at\/index.php\/wp-json\/wp\/v2\/pages\/18","targetHints":{"allow":["GET"]}}],"collection":[{"href":"https:\/\/bocek.at\/index.php\/wp-json\/wp\/v2\/pages"}],"about":[{"href":"https:\/\/bocek.at\/index.php\/wp-json\/wp\/v2\/types\/page"}],"author":[{"embeddable":true,"href":"https:\/\/bocek.at\/index.php\/wp-json\/wp\/v2\/users\/1"}],"replies":[{"embeddable":true,"href":"https:\/\/bocek.at\/index.php\/wp-json\/wp\/v2\/comments?post=18"}],"version-history":[{"count":14,"href":"https:\/\/bocek.at\/index.php\/wp-json\/wp\/v2\/pages\/18\/revisions"}],"predecessor-version":[{"id":465,"href":"https:\/\/bocek.at\/index.php\/wp-json\/wp\/v2\/pages\/18\/revisions\/465"}],"wp:featuredmedia":[{"embeddable":true,"href":"https:\/\/bocek.at\/index.php\/wp-json\/wp\/v2\/media\/67"}],"wp:attachment":[{"href":"https:\/\/bocek.at\/index.php\/wp-json\/wp\/v2\/media?parent=18"}],"curies":[{"name":"wp","href":"https:\/\/api.w.org\/{rel}","templated":true}]}}